{"id":111,"date":"2021-02-22T22:26:30","date_gmt":"2021-02-22T22:26:30","guid":{"rendered":"https:\/\/scdeec.tecnico.ulisboa.pt\/mepp\/?page_id=111"},"modified":"2025-08-29T18:21:34","modified_gmt":"2025-08-29T18:21:34","slug":"circuitos-e-sistemas-eletronicos","status":"publish","type":"page","link":"https:\/\/scdeec.tecnico.ulisboa.pt\/mepp\/index.php\/circuitos-e-sistemas-eletronicos\/","title":{"rendered":"Circuitos e Sistemas Eletr\u00f3nicos"},"content":{"rendered":"\n<h4 class=\"wp-block-heading\">Sistemas Embebidos [Escolher 4 UCs]<\/h4>\n\n\n\n<figure class=\"wp-block-table is-style-stripes\"><table><thead><tr><th class=\"has-text-align-left\" data-align=\"left\">Unidade Curricular<\/th><th class=\"has-text-align-center\" data-align=\"center\"><strong>Per\u00edodo<\/strong><\/th><th class=\"has-text-align-center\" data-align=\"center\">ECTS<\/th><\/tr><\/thead><tbody><tr><td class=\"has-text-align-left\" data-align=\"left\">Sistemas de Tempo Real<\/td><td class=\"has-text-align-center\" data-align=\"center\">P2<\/td><td class=\"has-text-align-center\" data-align=\"center\">6 <\/td><\/tr><tr><td class=\"has-text-align-left\" data-align=\"left\">Tecnologias dos Sistemas de Computa\u00e7\u00e3o<\/td><td class=\"has-text-align-center\" data-align=\"center\">P2<\/td><td class=\"has-text-align-center\" data-align=\"center\">6<\/td><\/tr><tr><td class=\"has-text-align-left\" data-align=\"left\">Arquitecturas para Computa\u00e7\u00e3o de Elevado Desempenho<\/td><td class=\"has-text-align-center\" data-align=\"center\">P3<\/td><td class=\"has-text-align-center\" data-align=\"center\">6<\/td><\/tr><tr><td class=\"has-text-align-left\" data-align=\"left\">Redes M\u00f3veis e Internet das Coisas<\/td><td class=\"has-text-align-center\" data-align=\"center\">P3<\/td><td class=\"has-text-align-center\" data-align=\"center\">6<\/td><\/tr><tr><td class=\"has-text-align-left\" data-align=\"left\">Sistemas de Medida de Grande Escala<\/td><td class=\"has-text-align-center\" data-align=\"center\">P2<\/td><td class=\"has-text-align-center\" data-align=\"center\">6<\/td><\/tr><tr><td class=\"has-text-align-left\" data-align=\"left\">Sensores e Actuadores<\/td><td class=\"has-text-align-center\" data-align=\"center\">P4<\/td><td class=\"has-text-align-center\" data-align=\"center\">6<\/td><\/tr><tr><td class=\"has-text-align-left\" data-align=\"left\">Sistemas de Processamento Digital de Sinal<\/td><td class=\"has-text-align-center\" data-align=\"center\">P4<\/td><td class=\"has-text-align-center\" data-align=\"center\">6<\/td><\/tr><\/tbody><\/table><\/figure>\n\n\n\n<h4 class=\"wp-block-heading\">Circuitos e Sistemas Integrados                   [Escolher 4 UCs]<\/h4>\n\n\n\n<figure class=\"wp-block-table is-style-stripes\"><table><thead><tr><th class=\"has-text-align-left\" data-align=\"left\">Unidade Curricular<\/th><th class=\"has-text-align-center\" data-align=\"center\"><strong>Per\u00edodo<\/strong><\/th><th class=\"has-text-align-center\" data-align=\"center\">ECTS<\/th><\/tr><\/thead><tbody><tr><td class=\"has-text-align-left\" data-align=\"left\">Circuitos de Ultra-Baixo Consumo<\/td><td class=\"has-text-align-center\" data-align=\"center\">P1<\/td><td class=\"has-text-align-center\" data-align=\"center\">6<\/td><\/tr><tr><td class=\"has-text-align-left\" data-align=\"left\">Nanotecnologias<\/td><td class=\"has-text-align-center\" data-align=\"center\">P1<\/td><td class=\"has-text-align-center\" data-align=\"center\">6<\/td><\/tr><tr><td class=\"has-text-align-left\" data-align=\"left\">Projecto de Sistemas Digitais<\/td><td class=\"has-text-align-center\" data-align=\"center\">P1<\/td><td class=\"has-text-align-center\" data-align=\"center\">6<\/td><\/tr><tr><td class=\"has-text-align-left\" data-align=\"left\">Electr\u00f3nica de Pot\u00eancia<\/td><td class=\"has-text-align-center\" data-align=\"center\">P2<\/td><td class=\"has-text-align-center\" data-align=\"center\">6<\/td><\/tr><tr><td class=\"has-text-align-left\" data-align=\"left\">Sistemas em Circuito Integrado<\/td><td class=\"has-text-align-center\" data-align=\"center\">P2<\/td><td class=\"has-text-align-center\" data-align=\"center\">6<\/td><\/tr><tr><td class=\"has-text-align-left\" data-align=\"left\">Sistemas Integrados Anal\u00f3gicos e Mistos<\/td><td class=\"has-text-align-center\" data-align=\"center\">P2<\/td><td class=\"has-text-align-center\" data-align=\"center\">6<\/td><\/tr><tr><td class=\"has-text-align-left\" data-align=\"left\">Microelectr\u00f3nica<\/td><td class=\"has-text-align-center\" data-align=\"center\">P4<\/td><td class=\"has-text-align-center\" data-align=\"center\">6<\/td><\/tr><tr><td class=\"has-text-align-left\" data-align=\"left\">Sistemas Integrados de Radiofrequ\u00eancia<\/td><td class=\"has-text-align-center\" data-align=\"center\">P3<\/td><td class=\"has-text-align-center\" data-align=\"center\">6<\/td><\/tr><tr><td class=\"has-text-align-left\" data-align=\"left\">Optoeletr\u00f3nica<\/td><td class=\"has-text-align-center\" data-align=\"center\">P3<\/td><td class=\"has-text-align-center\" data-align=\"center\">6<\/td><\/tr><\/tbody><\/table><\/figure>\n\n\n\n<p><strong>Nota:<\/strong> As cadeiras de segundo semestre (P3 e P4) devem ser feitas no primeiro ano do mestrado, estando o segundo semestre do segundo ano reservado para a Disserta\u00e7\u00e3o.<\/p>\n\n\n\n<p><\/p>\n","protected":false},"excerpt":{"rendered":"<p>Sistemas Embebidos [Escolher 4 UCs] Unidade Curricular Per\u00edodo ECTS Sistemas de Tempo Real P2 6 Tecnologias dos Sistemas de Computa\u00e7\u00e3o P2 6 Arquitecturas para Computa\u00e7\u00e3o de Elevado Desempenho P3 6 Redes M\u00f3veis e Internet das Coisas P3 6 Sistemas de Medida de Grande Escala P2 6 Sensores e Actuadores P4 6 Sistemas de Processamento Digital [&hellip;]<\/p>\n","protected":false},"author":1,"featured_media":0,"parent":0,"menu_order":0,"comment_status":"closed","ping_status":"closed","template":"","meta":{"material-hide-sections":[],"footnotes":""},"class_list":["post-111","page","type-page","status-publish","hentry"],"yoast_head":"<!-- This site is optimized with the Yoast SEO plugin v27.3 - https:\/\/yoast.com\/product\/yoast-seo-wordpress\/ -->\n<title>Circuitos e Sistemas Eletr\u00f3nicos<\/title>\n<meta name=\"robots\" content=\"index, follow, max-snippet:-1, max-image-preview:large, max-video-preview:-1\" \/>\n<link rel=\"canonical\" href=\"https:\/\/scdeec.tecnico.ulisboa.pt\/mepp\/index.php\/circuitos-e-sistemas-eletronicos\/\" \/>\n<meta property=\"og:locale\" content=\"en_US\" \/>\n<meta property=\"og:type\" content=\"article\" \/>\n<meta property=\"og:title\" content=\"Circuitos e Sistemas Eletr\u00f3nicos\" \/>\n<meta property=\"og:url\" content=\"https:\/\/scdeec.tecnico.ulisboa.pt\/mepp\/index.php\/circuitos-e-sistemas-eletronicos\/\" \/>\n<meta property=\"og:site_name\" content=\"Engenharia Electrot\u00e9cnica e de Computadores\u00a0no MEPP 21-22\" \/>\n<meta property=\"article:modified_time\" content=\"2025-08-29T18:21:34+00:00\" \/>\n<meta name=\"twitter:card\" content=\"summary_large_image\" \/>\n<meta name=\"twitter:label1\" content=\"Est. reading time\" \/>\n\t<meta name=\"twitter:data1\" content=\"1 minute\" \/>\n<script type=\"application\/ld+json\" class=\"yoast-schema-graph\">{\"@context\":\"https:\\\/\\\/schema.org\",\"@graph\":[{\"@type\":\"WebPage\",\"@id\":\"https:\\\/\\\/scdeec.tecnico.ulisboa.pt\\\/mepp\\\/index.php\\\/circuitos-e-sistemas-eletronicos\\\/\",\"url\":\"https:\\\/\\\/scdeec.tecnico.ulisboa.pt\\\/mepp\\\/index.php\\\/circuitos-e-sistemas-eletronicos\\\/\",\"name\":\"Circuitos e Sistemas Eletr\u00f3nicos\",\"isPartOf\":{\"@id\":\"https:\\\/\\\/scdeec.tecnico.ulisboa.pt\\\/mepp\\\/#website\"},\"datePublished\":\"2021-02-22T22:26:30+00:00\",\"dateModified\":\"2025-08-29T18:21:34+00:00\",\"breadcrumb\":{\"@id\":\"https:\\\/\\\/scdeec.tecnico.ulisboa.pt\\\/mepp\\\/index.php\\\/circuitos-e-sistemas-eletronicos\\\/#breadcrumb\"},\"inLanguage\":\"en-US\",\"potentialAction\":[{\"@type\":\"ReadAction\",\"target\":[\"https:\\\/\\\/scdeec.tecnico.ulisboa.pt\\\/mepp\\\/index.php\\\/circuitos-e-sistemas-eletronicos\\\/\"]}]},{\"@type\":\"BreadcrumbList\",\"@id\":\"https:\\\/\\\/scdeec.tecnico.ulisboa.pt\\\/mepp\\\/index.php\\\/circuitos-e-sistemas-eletronicos\\\/#breadcrumb\",\"itemListElement\":[{\"@type\":\"ListItem\",\"position\":1,\"name\":\"Home\",\"item\":\"https:\\\/\\\/scdeec.tecnico.ulisboa.pt\\\/mepp\\\/\"},{\"@type\":\"ListItem\",\"position\":2,\"name\":\"Circuitos e Sistemas Eletr\u00f3nicos\"}]},{\"@type\":\"WebSite\",\"@id\":\"https:\\\/\\\/scdeec.tecnico.ulisboa.pt\\\/mepp\\\/#website\",\"url\":\"https:\\\/\\\/scdeec.tecnico.ulisboa.pt\\\/mepp\\\/\",\"name\":\"Engenharia Electrot\u00e9cnica e de Computadores\u00a0no MEPP 21-22\",\"description\":\"\",\"publisher\":{\"@id\":\"https:\\\/\\\/scdeec.tecnico.ulisboa.pt\\\/mepp\\\/#organization\"},\"inLanguage\":\"en-US\"},{\"@type\":\"Organization\",\"@id\":\"https:\\\/\\\/scdeec.tecnico.ulisboa.pt\\\/mepp\\\/#organization\",\"name\":\"Engenharia Electrot\u00e9cnica e de Computadores\u00a0no MEPP 21-22\",\"url\":\"https:\\\/\\\/scdeec.tecnico.ulisboa.pt\\\/mepp\\\/\",\"logo\":{\"@type\":\"ImageObject\",\"inLanguage\":\"en-US\",\"@id\":\"https:\\\/\\\/scdeec.tecnico.ulisboa.pt\\\/mepp\\\/#\\\/schema\\\/logo\\\/image\\\/\",\"url\":\"https:\\\/\\\/scdeec.tecnico.ulisboa.pt\\\/mepp\\\/wp-content\\\/uploads\\\/2021\\\/02\\\/cropped-DEEC_RGB-2.png\",\"contentUrl\":\"https:\\\/\\\/scdeec.tecnico.ulisboa.pt\\\/mepp\\\/wp-content\\\/uploads\\\/2021\\\/02\\\/cropped-DEEC_RGB-2.png\",\"width\":1583,\"height\":490,\"caption\":\"Engenharia Electrot\u00e9cnica e de Computadores\u00a0no MEPP 21-22\"},\"image\":{\"@id\":\"https:\\\/\\\/scdeec.tecnico.ulisboa.pt\\\/mepp\\\/#\\\/schema\\\/logo\\\/image\\\/\"}}]}<\/script>\n<!-- \/ Yoast SEO plugin. -->","yoast_head_json":{"title":"Circuitos e Sistemas Eletr\u00f3nicos","robots":{"index":"index","follow":"follow","max-snippet":"max-snippet:-1","max-image-preview":"max-image-preview:large","max-video-preview":"max-video-preview:-1"},"canonical":"https:\/\/scdeec.tecnico.ulisboa.pt\/mepp\/index.php\/circuitos-e-sistemas-eletronicos\/","og_locale":"en_US","og_type":"article","og_title":"Circuitos e Sistemas Eletr\u00f3nicos","og_url":"https:\/\/scdeec.tecnico.ulisboa.pt\/mepp\/index.php\/circuitos-e-sistemas-eletronicos\/","og_site_name":"Engenharia Electrot\u00e9cnica e de Computadores\u00a0no MEPP 21-22","article_modified_time":"2025-08-29T18:21:34+00:00","twitter_card":"summary_large_image","twitter_misc":{"Est. reading time":"1 minute"},"schema":{"@context":"https:\/\/schema.org","@graph":[{"@type":"WebPage","@id":"https:\/\/scdeec.tecnico.ulisboa.pt\/mepp\/index.php\/circuitos-e-sistemas-eletronicos\/","url":"https:\/\/scdeec.tecnico.ulisboa.pt\/mepp\/index.php\/circuitos-e-sistemas-eletronicos\/","name":"Circuitos e Sistemas Eletr\u00f3nicos","isPartOf":{"@id":"https:\/\/scdeec.tecnico.ulisboa.pt\/mepp\/#website"},"datePublished":"2021-02-22T22:26:30+00:00","dateModified":"2025-08-29T18:21:34+00:00","breadcrumb":{"@id":"https:\/\/scdeec.tecnico.ulisboa.pt\/mepp\/index.php\/circuitos-e-sistemas-eletronicos\/#breadcrumb"},"inLanguage":"en-US","potentialAction":[{"@type":"ReadAction","target":["https:\/\/scdeec.tecnico.ulisboa.pt\/mepp\/index.php\/circuitos-e-sistemas-eletronicos\/"]}]},{"@type":"BreadcrumbList","@id":"https:\/\/scdeec.tecnico.ulisboa.pt\/mepp\/index.php\/circuitos-e-sistemas-eletronicos\/#breadcrumb","itemListElement":[{"@type":"ListItem","position":1,"name":"Home","item":"https:\/\/scdeec.tecnico.ulisboa.pt\/mepp\/"},{"@type":"ListItem","position":2,"name":"Circuitos e Sistemas Eletr\u00f3nicos"}]},{"@type":"WebSite","@id":"https:\/\/scdeec.tecnico.ulisboa.pt\/mepp\/#website","url":"https:\/\/scdeec.tecnico.ulisboa.pt\/mepp\/","name":"Engenharia Electrot\u00e9cnica e de Computadores\u00a0no MEPP 21-22","description":"","publisher":{"@id":"https:\/\/scdeec.tecnico.ulisboa.pt\/mepp\/#organization"},"inLanguage":"en-US"},{"@type":"Organization","@id":"https:\/\/scdeec.tecnico.ulisboa.pt\/mepp\/#organization","name":"Engenharia Electrot\u00e9cnica e de Computadores\u00a0no MEPP 21-22","url":"https:\/\/scdeec.tecnico.ulisboa.pt\/mepp\/","logo":{"@type":"ImageObject","inLanguage":"en-US","@id":"https:\/\/scdeec.tecnico.ulisboa.pt\/mepp\/#\/schema\/logo\/image\/","url":"https:\/\/scdeec.tecnico.ulisboa.pt\/mepp\/wp-content\/uploads\/2021\/02\/cropped-DEEC_RGB-2.png","contentUrl":"https:\/\/scdeec.tecnico.ulisboa.pt\/mepp\/wp-content\/uploads\/2021\/02\/cropped-DEEC_RGB-2.png","width":1583,"height":490,"caption":"Engenharia Electrot\u00e9cnica e de Computadores\u00a0no MEPP 21-22"},"image":{"@id":"https:\/\/scdeec.tecnico.ulisboa.pt\/mepp\/#\/schema\/logo\/image\/"}}]}},"_links":{"self":[{"href":"https:\/\/scdeec.tecnico.ulisboa.pt\/mepp\/index.php\/wp-json\/wp\/v2\/pages\/111","targetHints":{"allow":["GET"]}}],"collection":[{"href":"https:\/\/scdeec.tecnico.ulisboa.pt\/mepp\/index.php\/wp-json\/wp\/v2\/pages"}],"about":[{"href":"https:\/\/scdeec.tecnico.ulisboa.pt\/mepp\/index.php\/wp-json\/wp\/v2\/types\/page"}],"author":[{"embeddable":true,"href":"https:\/\/scdeec.tecnico.ulisboa.pt\/mepp\/index.php\/wp-json\/wp\/v2\/users\/1"}],"replies":[{"embeddable":true,"href":"https:\/\/scdeec.tecnico.ulisboa.pt\/mepp\/index.php\/wp-json\/wp\/v2\/comments?post=111"}],"version-history":[{"count":17,"href":"https:\/\/scdeec.tecnico.ulisboa.pt\/mepp\/index.php\/wp-json\/wp\/v2\/pages\/111\/revisions"}],"predecessor-version":[{"id":1437,"href":"https:\/\/scdeec.tecnico.ulisboa.pt\/mepp\/index.php\/wp-json\/wp\/v2\/pages\/111\/revisions\/1437"}],"wp:attachment":[{"href":"https:\/\/scdeec.tecnico.ulisboa.pt\/mepp\/index.php\/wp-json\/wp\/v2\/media?parent=111"}],"curies":[{"name":"wp","href":"https:\/\/api.w.org\/{rel}","templated":true}]}}