{"id":117,"date":"2021-02-22T22:31:32","date_gmt":"2021-02-22T22:31:32","guid":{"rendered":"https:\/\/scdeec.tecnico.ulisboa.pt\/mepp\/?page_id=117"},"modified":"2021-06-21T18:40:01","modified_gmt":"2021-06-21T18:40:01","slug":"controlo-robotica-e-inteligencia-artificial","status":"publish","type":"page","link":"https:\/\/scdeec.tecnico.ulisboa.pt\/mepp\/index.php\/controlo-robotica-e-inteligencia-artificial\/","title":{"rendered":"Controlo, Rob\u00f3tica e Intelig\u00eancia Artificial"},"content":{"rendered":"\n<h4 class=\"wp-block-heading\">Controlo [Escolher entre 2 a 4 UCs]<\/h4>\n\n\n\n<figure class=\"wp-block-table is-style-stripes\"><table><thead><tr><th class=\"has-text-align-left\" data-align=\"left\">Unidade Curricular<\/th><th class=\"has-text-align-center\" data-align=\"center\"><strong>Per\u00edodo<\/strong><\/th><th>ECTS<\/th><\/tr><\/thead><tbody><tr><td class=\"has-text-align-left\" data-align=\"left\">Controlo de Sistemas Ciberf\u00edsicos<\/td><td class=\"has-text-align-center\" data-align=\"center\">P1<\/td><td>6<\/td><\/tr><tr><td class=\"has-text-align-left\" data-align=\"left\">Optimiza\u00e7\u00e3o e Algoritmos<\/td><td class=\"has-text-align-center\" data-align=\"center\">P1<\/td><td>6<\/td><\/tr><tr><td class=\"has-text-align-left\" data-align=\"left\">Rob\u00f3tica<\/td><td class=\"has-text-align-center\" data-align=\"center\">P2<\/td><td>6<\/td><\/tr><tr><td class=\"has-text-align-left\" data-align=\"left\">Controlo Multivari\u00e1vel, N\u00e3o-Linear e \u00d3timo<\/td><td class=\"has-text-align-center\" data-align=\"center\">P3<\/td><td>6<\/td><\/tr><tr><td class=\"has-text-align-left\" data-align=\"left\">Processamento Digital de Sinais<\/td><td class=\"has-text-align-center\" data-align=\"center\">P3<\/td><td>6<\/td><\/tr><tr><td class=\"has-text-align-left\" data-align=\"left\">Sistemas de Controlo Distribu\u00eddo em Tempo Real<\/td><td class=\"has-text-align-center\" data-align=\"center\">P3<\/td><td>6<\/td><\/tr><tr><td class=\"has-text-align-left\" data-align=\"left\">Estima\u00e7\u00e3o e Controlo Preditivo Distribu\u00eddo<\/td><td class=\"has-text-align-center\" data-align=\"center\">P4<\/td><td>6<\/td><\/tr><tr><td class=\"has-text-align-left\" data-align=\"left\">Modela\u00e7\u00e3o e Automa\u00e7\u00e3o de Processos Industriais<\/td><td class=\"has-text-align-center\" data-align=\"center\">P4<\/td><td>6<\/td><\/tr><\/tbody><\/table><\/figure>\n\n\n\n<h4 class=\"wp-block-heading\">Rob\u00f3tica  [Escolher entre 2 a 4 UCs]<\/h4>\n\n\n\n<figure class=\"wp-block-table is-style-stripes\"><table><thead><tr><th>Unidade Curricular<\/th><th class=\"has-text-align-center\" data-align=\"center\"><strong>Per\u00edodo<\/strong><\/th><th>ECTS<\/th><\/tr><\/thead><tbody><tr><td>Intelig\u00eancia Artificial e Sistemas de Decis\u00e3o<\/td><td class=\"has-text-align-center\" data-align=\"center\">P1<\/td><td>6<\/td><\/tr><tr><td>Optimiza\u00e7\u00e3o e Algoritmos<\/td><td class=\"has-text-align-center\" data-align=\"center\">P1<\/td><td>6<\/td><\/tr><tr><td>Processamento de Imagem e Vis\u00e3o<\/td><td class=\"has-text-align-center\" data-align=\"center\">P2<\/td><td>6<\/td><\/tr><tr><td>Programa\u00e7\u00e3o de Sistemas<\/td><td class=\"has-text-align-center\" data-align=\"center\">P2<\/td><td>6<\/td><\/tr><tr><td>Rob\u00f3tica<\/td><td class=\"has-text-align-center\" data-align=\"center\">P2<\/td><td>6<\/td><\/tr><tr><td>Sistemas de Controlo Distribu\u00eddo em Tempo Real<\/td><td class=\"has-text-align-center\" data-align=\"center\">P3<\/td><td>6<\/td><\/tr><tr><td>Sistemas Aut\u00f3nomos<\/td><td class=\"has-text-align-center\" data-align=\"center\">P4<\/td><td>6<\/td><\/tr><tr><td>Processamento da Fala<\/td><td class=\"has-text-align-center\" data-align=\"center\">P4<\/td><td>6<\/td><\/tr><\/tbody><\/table><\/figure>\n\n\n\n<h4 class=\"wp-block-heading\">Intelig\u00eancia Artificial                [Escolher entre 2 a 4 UCs]<\/h4>\n\n\n\n<figure class=\"wp-block-table is-style-stripes\"><table><thead><tr><th>Unidade Curricular<\/th><th class=\"has-text-align-center\" data-align=\"center\"><strong>Per\u00edodo<\/strong><\/th><th>ECTS<\/th><\/tr><\/thead><tbody><tr><td>Aprendizagem Autom\u00e1tica<\/td><td class=\"has-text-align-center\" data-align=\"center\">P1<\/td><td>6<\/td><\/tr><tr><td>Intelig\u00eancia Artificial e Sistemas de Decis\u00e3o<\/td><td class=\"has-text-align-center\" data-align=\"center\">P1<\/td><td>6<\/td><\/tr><tr><td>Optimiza\u00e7\u00e3o e Algoritmos<\/td><td class=\"has-text-align-center\" data-align=\"center\">P1<\/td><td>6<\/td><\/tr><tr><td>Processamento de Imagem e Vis\u00e3o<\/td><td class=\"has-text-align-center\" data-align=\"center\">P2<\/td><td>6<\/td><\/tr><tr><td>Aprendizagem Profunda<\/td><td class=\"has-text-align-center\" data-align=\"center\">P2<\/td><td>6<\/td><\/tr><tr><td>Processamento Digital de Sinais<\/td><td class=\"has-text-align-center\" data-align=\"center\">P3<\/td><td>6<\/td><\/tr><tr><td>Processamento de Big Data<\/td><td class=\"has-text-align-center\" data-align=\"center\">P4<\/td><td>6<\/td><\/tr><tr><td>Sistemas Aut\u00f3nomos<\/td><td class=\"has-text-align-center\" data-align=\"center\">P4<\/td><td>6<\/td><\/tr><\/tbody><\/table><\/figure>\n\n\n\n<p><strong>Nota:<\/strong> As cadeiras de segundo semestre (P3 e P4) devem ser feitas no primeiro ano do mestrado, estando o segundo semestre do segundo ano reservado para a Disserta\u00e7\u00e3o.<\/p>\n","protected":false},"excerpt":{"rendered":"<p>Controlo [Escolher entre 2 a 4 UCs] Unidade Curricular Per\u00edodo ECTS Controlo de Sistemas Ciberf\u00edsicos P1 6 Optimiza\u00e7\u00e3o e Algoritmos P1 6 Rob\u00f3tica P2 6 Controlo Multivari\u00e1vel, N\u00e3o-Linear e \u00d3timo P3 6 Processamento Digital de Sinais P3 6 Sistemas de Controlo Distribu\u00eddo em Tempo Real P3 6 Estima\u00e7\u00e3o e Controlo Preditivo Distribu\u00eddo P4 6 Modela\u00e7\u00e3o [&hellip;]<\/p>\n","protected":false},"author":1,"featured_media":0,"parent":0,"menu_order":0,"comment_status":"closed","ping_status":"closed","template":"","meta":{"material-hide-sections":[],"footnotes":""},"class_list":["post-117","page","type-page","status-publish","hentry"],"yoast_head":"<!-- This site is optimized with the Yoast SEO plugin v27.3 - https:\/\/yoast.com\/product\/yoast-seo-wordpress\/ -->\n<title>Controlo, Rob\u00f3tica e Intelig\u00eancia Artificial<\/title>\n<meta name=\"robots\" content=\"index, follow, max-snippet:-1, max-image-preview:large, max-video-preview:-1\" \/>\n<link rel=\"canonical\" href=\"https:\/\/scdeec.tecnico.ulisboa.pt\/mepp\/index.php\/controlo-robotica-e-inteligencia-artificial\/\" \/>\n<meta property=\"og:locale\" content=\"en_US\" \/>\n<meta property=\"og:type\" content=\"article\" \/>\n<meta property=\"og:title\" content=\"Controlo, Rob\u00f3tica e Intelig\u00eancia Artificial\" \/>\n<meta property=\"og:url\" content=\"https:\/\/scdeec.tecnico.ulisboa.pt\/mepp\/index.php\/controlo-robotica-e-inteligencia-artificial\/\" \/>\n<meta property=\"og:site_name\" content=\"Engenharia Electrot\u00e9cnica e de Computadores\u00a0no MEPP 21-22\" \/>\n<meta property=\"article:modified_time\" content=\"2021-06-21T18:40:01+00:00\" \/>\n<meta name=\"twitter:card\" content=\"summary_large_image\" \/>\n<meta name=\"twitter:label1\" content=\"Est. reading time\" \/>\n\t<meta name=\"twitter:data1\" content=\"1 minute\" \/>\n<script type=\"application\/ld+json\" class=\"yoast-schema-graph\">{\"@context\":\"https:\\\/\\\/schema.org\",\"@graph\":[{\"@type\":\"WebPage\",\"@id\":\"https:\\\/\\\/scdeec.tecnico.ulisboa.pt\\\/mepp\\\/index.php\\\/controlo-robotica-e-inteligencia-artificial\\\/\",\"url\":\"https:\\\/\\\/scdeec.tecnico.ulisboa.pt\\\/mepp\\\/index.php\\\/controlo-robotica-e-inteligencia-artificial\\\/\",\"name\":\"Controlo, Rob\u00f3tica e Intelig\u00eancia Artificial\",\"isPartOf\":{\"@id\":\"https:\\\/\\\/scdeec.tecnico.ulisboa.pt\\\/mepp\\\/#website\"},\"datePublished\":\"2021-02-22T22:31:32+00:00\",\"dateModified\":\"2021-06-21T18:40:01+00:00\",\"breadcrumb\":{\"@id\":\"https:\\\/\\\/scdeec.tecnico.ulisboa.pt\\\/mepp\\\/index.php\\\/controlo-robotica-e-inteligencia-artificial\\\/#breadcrumb\"},\"inLanguage\":\"en-US\",\"potentialAction\":[{\"@type\":\"ReadAction\",\"target\":[\"https:\\\/\\\/scdeec.tecnico.ulisboa.pt\\\/mepp\\\/index.php\\\/controlo-robotica-e-inteligencia-artificial\\\/\"]}]},{\"@type\":\"BreadcrumbList\",\"@id\":\"https:\\\/\\\/scdeec.tecnico.ulisboa.pt\\\/mepp\\\/index.php\\\/controlo-robotica-e-inteligencia-artificial\\\/#breadcrumb\",\"itemListElement\":[{\"@type\":\"ListItem\",\"position\":1,\"name\":\"Home\",\"item\":\"https:\\\/\\\/scdeec.tecnico.ulisboa.pt\\\/mepp\\\/\"},{\"@type\":\"ListItem\",\"position\":2,\"name\":\"Controlo, Rob\u00f3tica e Intelig\u00eancia Artificial\"}]},{\"@type\":\"WebSite\",\"@id\":\"https:\\\/\\\/scdeec.tecnico.ulisboa.pt\\\/mepp\\\/#website\",\"url\":\"https:\\\/\\\/scdeec.tecnico.ulisboa.pt\\\/mepp\\\/\",\"name\":\"Engenharia Electrot\u00e9cnica e de Computadores\u00a0no MEPP 21-22\",\"description\":\"\",\"publisher\":{\"@id\":\"https:\\\/\\\/scdeec.tecnico.ulisboa.pt\\\/mepp\\\/#organization\"},\"inLanguage\":\"en-US\"},{\"@type\":\"Organization\",\"@id\":\"https:\\\/\\\/scdeec.tecnico.ulisboa.pt\\\/mepp\\\/#organization\",\"name\":\"Engenharia Electrot\u00e9cnica e de Computadores\u00a0no MEPP 21-22\",\"url\":\"https:\\\/\\\/scdeec.tecnico.ulisboa.pt\\\/mepp\\\/\",\"logo\":{\"@type\":\"ImageObject\",\"inLanguage\":\"en-US\",\"@id\":\"https:\\\/\\\/scdeec.tecnico.ulisboa.pt\\\/mepp\\\/#\\\/schema\\\/logo\\\/image\\\/\",\"url\":\"https:\\\/\\\/scdeec.tecnico.ulisboa.pt\\\/mepp\\\/wp-content\\\/uploads\\\/2021\\\/02\\\/cropped-DEEC_RGB-2.png\",\"contentUrl\":\"https:\\\/\\\/scdeec.tecnico.ulisboa.pt\\\/mepp\\\/wp-content\\\/uploads\\\/2021\\\/02\\\/cropped-DEEC_RGB-2.png\",\"width\":1583,\"height\":490,\"caption\":\"Engenharia Electrot\u00e9cnica e de Computadores\u00a0no MEPP 21-22\"},\"image\":{\"@id\":\"https:\\\/\\\/scdeec.tecnico.ulisboa.pt\\\/mepp\\\/#\\\/schema\\\/logo\\\/image\\\/\"}}]}<\/script>\n<!-- \/ Yoast SEO plugin. -->","yoast_head_json":{"title":"Controlo, Rob\u00f3tica e Intelig\u00eancia Artificial","robots":{"index":"index","follow":"follow","max-snippet":"max-snippet:-1","max-image-preview":"max-image-preview:large","max-video-preview":"max-video-preview:-1"},"canonical":"https:\/\/scdeec.tecnico.ulisboa.pt\/mepp\/index.php\/controlo-robotica-e-inteligencia-artificial\/","og_locale":"en_US","og_type":"article","og_title":"Controlo, Rob\u00f3tica e Intelig\u00eancia Artificial","og_url":"https:\/\/scdeec.tecnico.ulisboa.pt\/mepp\/index.php\/controlo-robotica-e-inteligencia-artificial\/","og_site_name":"Engenharia Electrot\u00e9cnica e de Computadores\u00a0no MEPP 21-22","article_modified_time":"2021-06-21T18:40:01+00:00","twitter_card":"summary_large_image","twitter_misc":{"Est. reading time":"1 minute"},"schema":{"@context":"https:\/\/schema.org","@graph":[{"@type":"WebPage","@id":"https:\/\/scdeec.tecnico.ulisboa.pt\/mepp\/index.php\/controlo-robotica-e-inteligencia-artificial\/","url":"https:\/\/scdeec.tecnico.ulisboa.pt\/mepp\/index.php\/controlo-robotica-e-inteligencia-artificial\/","name":"Controlo, Rob\u00f3tica e Intelig\u00eancia Artificial","isPartOf":{"@id":"https:\/\/scdeec.tecnico.ulisboa.pt\/mepp\/#website"},"datePublished":"2021-02-22T22:31:32+00:00","dateModified":"2021-06-21T18:40:01+00:00","breadcrumb":{"@id":"https:\/\/scdeec.tecnico.ulisboa.pt\/mepp\/index.php\/controlo-robotica-e-inteligencia-artificial\/#breadcrumb"},"inLanguage":"en-US","potentialAction":[{"@type":"ReadAction","target":["https:\/\/scdeec.tecnico.ulisboa.pt\/mepp\/index.php\/controlo-robotica-e-inteligencia-artificial\/"]}]},{"@type":"BreadcrumbList","@id":"https:\/\/scdeec.tecnico.ulisboa.pt\/mepp\/index.php\/controlo-robotica-e-inteligencia-artificial\/#breadcrumb","itemListElement":[{"@type":"ListItem","position":1,"name":"Home","item":"https:\/\/scdeec.tecnico.ulisboa.pt\/mepp\/"},{"@type":"ListItem","position":2,"name":"Controlo, Rob\u00f3tica e Intelig\u00eancia Artificial"}]},{"@type":"WebSite","@id":"https:\/\/scdeec.tecnico.ulisboa.pt\/mepp\/#website","url":"https:\/\/scdeec.tecnico.ulisboa.pt\/mepp\/","name":"Engenharia Electrot\u00e9cnica e de Computadores\u00a0no MEPP 21-22","description":"","publisher":{"@id":"https:\/\/scdeec.tecnico.ulisboa.pt\/mepp\/#organization"},"inLanguage":"en-US"},{"@type":"Organization","@id":"https:\/\/scdeec.tecnico.ulisboa.pt\/mepp\/#organization","name":"Engenharia Electrot\u00e9cnica e de Computadores\u00a0no MEPP 21-22","url":"https:\/\/scdeec.tecnico.ulisboa.pt\/mepp\/","logo":{"@type":"ImageObject","inLanguage":"en-US","@id":"https:\/\/scdeec.tecnico.ulisboa.pt\/mepp\/#\/schema\/logo\/image\/","url":"https:\/\/scdeec.tecnico.ulisboa.pt\/mepp\/wp-content\/uploads\/2021\/02\/cropped-DEEC_RGB-2.png","contentUrl":"https:\/\/scdeec.tecnico.ulisboa.pt\/mepp\/wp-content\/uploads\/2021\/02\/cropped-DEEC_RGB-2.png","width":1583,"height":490,"caption":"Engenharia Electrot\u00e9cnica e de Computadores\u00a0no MEPP 21-22"},"image":{"@id":"https:\/\/scdeec.tecnico.ulisboa.pt\/mepp\/#\/schema\/logo\/image\/"}}]}},"_links":{"self":[{"href":"https:\/\/scdeec.tecnico.ulisboa.pt\/mepp\/index.php\/wp-json\/wp\/v2\/pages\/117","targetHints":{"allow":["GET"]}}],"collection":[{"href":"https:\/\/scdeec.tecnico.ulisboa.pt\/mepp\/index.php\/wp-json\/wp\/v2\/pages"}],"about":[{"href":"https:\/\/scdeec.tecnico.ulisboa.pt\/mepp\/index.php\/wp-json\/wp\/v2\/types\/page"}],"author":[{"embeddable":true,"href":"https:\/\/scdeec.tecnico.ulisboa.pt\/mepp\/index.php\/wp-json\/wp\/v2\/users\/1"}],"replies":[{"embeddable":true,"href":"https:\/\/scdeec.tecnico.ulisboa.pt\/mepp\/index.php\/wp-json\/wp\/v2\/comments?post=117"}],"version-history":[{"count":12,"href":"https:\/\/scdeec.tecnico.ulisboa.pt\/mepp\/index.php\/wp-json\/wp\/v2\/pages\/117\/revisions"}],"predecessor-version":[{"id":1325,"href":"https:\/\/scdeec.tecnico.ulisboa.pt\/mepp\/index.php\/wp-json\/wp\/v2\/pages\/117\/revisions\/1325"}],"wp:attachment":[{"href":"https:\/\/scdeec.tecnico.ulisboa.pt\/mepp\/index.php\/wp-json\/wp\/v2\/media?parent=117"}],"curies":[{"name":"wp","href":"https:\/\/api.w.org\/{rel}","templated":true}]}}