{"id":127,"date":"2021-02-22T22:33:34","date_gmt":"2021-02-22T22:33:34","guid":{"rendered":"https:\/\/scdeec.tecnico.ulisboa.pt\/mepp\/?page_id=127"},"modified":"2021-03-14T13:19:03","modified_gmt":"2021-03-14T13:19:03","slug":"redes-e-sistemas-de-comunicacao","status":"publish","type":"page","link":"https:\/\/scdeec.tecnico.ulisboa.pt\/mepp\/index.php\/redes-e-sistemas-de-comunicacao\/","title":{"rendered":"Redes e Sistemas de Comunica\u00e7\u00e3o"},"content":{"rendered":"\n<h4 class=\"wp-block-heading\">Fundamentos das Redes, da Comunica\u00e7\u00e3o e da Informa\u00e7\u00e3o [Escolher 2 a 5 UCs]<\/h4>\n\n\n\n<figure class=\"wp-block-table is-style-stripes\"><table><thead><tr><th>Unidade Curricular<\/th><th class=\"has-text-align-center\" data-align=\"center\"><strong>Per\u00edodo<\/strong><\/th><th class=\"has-text-align-center\" data-align=\"center\">ECTS<\/th><\/tr><\/thead><tbody><tr><td>Algoritmia em Redes e Aplica\u00e7\u00f5es<\/td><td class=\"has-text-align-center\" data-align=\"center\">P1<\/td><td class=\"has-text-align-center\" data-align=\"center\">6<\/td><\/tr><tr><td>Aprendizagem Autom\u00e1tica<\/td><td class=\"has-text-align-center\" data-align=\"center\">P1<\/td><td class=\"has-text-align-center\" data-align=\"center\">6<\/td><\/tr><tr><td>Teoria da Informa\u00e7\u00e3o e Comunica\u00e7\u00e3o<\/td><td class=\"has-text-align-center\" data-align=\"center\">P1<\/td><td class=\"has-text-align-center\" data-align=\"center\">6<\/td><\/tr><tr><td>Desempenho e Dimensionamento de Redes e Sistemas<\/td><td class=\"has-text-align-center\" data-align=\"center\">P2<\/td><td class=\"has-text-align-center\" data-align=\"center\">6<\/td><\/tr><tr><td>Transmiss\u00e3o Digital<\/td><td class=\"has-text-align-center\" data-align=\"center\">P2<\/td><td class=\"has-text-align-center\" data-align=\"center\">6<\/td><\/tr><tr><td>Comunica\u00e7\u00e3o Multim\u00e9dia<\/td><td class=\"has-text-align-center\" data-align=\"center\">P2<\/td><td class=\"has-text-align-center\" data-align=\"center\">6<\/td><\/tr><\/tbody><\/table><\/figure>\n\n\n\n<h4 class=\"wp-block-heading\">Tecnologias de Rede M\u00f3vel e Fixa [Escolher 2 a 5 UCs]<\/h4>\n\n\n\n<figure class=\"wp-block-table is-style-stripes\"><table><thead><tr><th>Unidade Curricular<\/th><th class=\"has-text-align-center\" data-align=\"center\"><strong>Per\u00edodo<\/strong><\/th><th class=\"has-text-align-center\" data-align=\"center\">ECTS<\/th><\/tr><\/thead><tbody><tr><td>Redes de Alto D\u00e9bito<\/td><td class=\"has-text-align-center\" data-align=\"center\">P2<\/td><td class=\"has-text-align-center\" data-align=\"center\">6<\/td><\/tr><tr><td>Redes Veiculares<\/td><td class=\"has-text-align-center\" data-align=\"center\">P2<\/td><td class=\"has-text-align-center\" data-align=\"center\">6<\/td><\/tr><tr><td>Redes M\u00f3veis e Internet das Coisas<\/td><td class=\"has-text-align-center\" data-align=\"center\">P3<\/td><td class=\"has-text-align-center\" data-align=\"center\">6<\/td><\/tr><tr><td>Sistemas de Navega\u00e7\u00e3o<\/td><td class=\"has-text-align-center\" data-align=\"center\">P3<\/td><td class=\"has-text-align-center\" data-align=\"center\">6<\/td><\/tr><tr><td>Arquitectura e Gest\u00e3o de Redes<\/td><td class=\"has-text-align-center\" data-align=\"center\">P4<\/td><td class=\"has-text-align-center\" data-align=\"center\">6<\/td><\/tr><tr><td>Seguran\u00e7a das Comunica\u00e7\u00f5es<\/td><td class=\"has-text-align-center\" data-align=\"center\">P4<\/td><td class=\"has-text-align-center\" data-align=\"center\">6<\/td><\/tr><\/tbody><\/table><\/figure>\n\n\n\n<h4 class=\"wp-block-heading\">Aplica\u00e7\u00f5es e Servi\u00e7os [Escolher 1 a 4 UCs]<\/h4>\n\n\n\n<figure class=\"wp-block-table is-style-stripes\"><table><thead><tr><th>Unidade Curricular<\/th><th class=\"has-text-align-center\" data-align=\"center\"><strong>Per\u00edodo<\/strong><\/th><th class=\"has-text-align-center\" data-align=\"center\">ECTS<\/th><\/tr><\/thead><tbody><tr><td>Aplica\u00e7\u00f5es Distribu\u00eddas sobre a Internet<\/td><td class=\"has-text-align-center\" data-align=\"center\">P1<\/td><td class=\"has-text-align-center\" data-align=\"center\">6<\/td><\/tr><tr><td>Redes Program\u00e1veis<\/td><td class=\"has-text-align-center\" data-align=\"center\">P1<\/td><td class=\"has-text-align-center\" data-align=\"center\">6<\/td><\/tr><tr><td>Sistemas de Informa\u00e7\u00e3o e Bases de Dados<\/td><td class=\"has-text-align-center\" data-align=\"center\">P2<\/td><td class=\"has-text-align-center\" data-align=\"center\">6<\/td><\/tr><tr><td>Programa\u00e7\u00e3o Orientada por Objectos<\/td><td class=\"has-text-align-center\" data-align=\"center\">P4<\/td><td class=\"has-text-align-center\" data-align=\"center\">6<\/td><\/tr><\/tbody><\/table><\/figure>\n\n\n\n<p><strong>Nota:<\/strong> As cadeiras de segundo semestre (P3 e P4) devem ser feitas no primeiro ano do mestrado, estando o segundo semestre do segundo ano reservado para a Disserta\u00e7\u00e3o.<\/p>\n","protected":false},"excerpt":{"rendered":"<p>Fundamentos das Redes, da Comunica\u00e7\u00e3o e da Informa\u00e7\u00e3o [Escolher 2 a 5 UCs] Unidade Curricular Per\u00edodo ECTS Algoritmia em Redes e Aplica\u00e7\u00f5es P1 6 Aprendizagem Autom\u00e1tica P1 6 Teoria da Informa\u00e7\u00e3o e Comunica\u00e7\u00e3o P1 6 Desempenho e Dimensionamento de Redes e Sistemas P2 6 Transmiss\u00e3o Digital P2 6 Comunica\u00e7\u00e3o Multim\u00e9dia P2 6 Tecnologias de Rede [&hellip;]<\/p>\n","protected":false},"author":1,"featured_media":0,"parent":0,"menu_order":0,"comment_status":"closed","ping_status":"closed","template":"","meta":{"material-hide-sections":[],"footnotes":""},"class_list":["post-127","page","type-page","status-publish","hentry"],"yoast_head":"<!-- This site is optimized with the Yoast SEO plugin v27.4 - https:\/\/yoast.com\/product\/yoast-seo-wordpress\/ -->\n<title>Redes e Sistemas de Comunica\u00e7\u00e3o<\/title>\n<meta name=\"robots\" content=\"index, follow, max-snippet:-1, max-image-preview:large, max-video-preview:-1\" \/>\n<link rel=\"canonical\" href=\"https:\/\/scdeec.tecnico.ulisboa.pt\/mepp\/index.php\/redes-e-sistemas-de-comunicacao\/\" \/>\n<meta property=\"og:locale\" content=\"en_US\" \/>\n<meta property=\"og:type\" content=\"article\" \/>\n<meta property=\"og:title\" content=\"Redes e Sistemas de Comunica\u00e7\u00e3o\" \/>\n<meta property=\"og:url\" content=\"https:\/\/scdeec.tecnico.ulisboa.pt\/mepp\/index.php\/redes-e-sistemas-de-comunicacao\/\" \/>\n<meta property=\"og:site_name\" content=\"Engenharia Electrot\u00e9cnica e de Computadores\u00a0no MEPP 21-22\" \/>\n<meta property=\"article:modified_time\" content=\"2021-03-14T13:19:03+00:00\" \/>\n<meta name=\"twitter:card\" content=\"summary_large_image\" \/>\n<meta name=\"twitter:label1\" content=\"Est. reading time\" \/>\n\t<meta name=\"twitter:data1\" content=\"1 minute\" \/>\n<script type=\"application\/ld+json\" class=\"yoast-schema-graph\">{\"@context\":\"https:\\\/\\\/schema.org\",\"@graph\":[{\"@type\":\"WebPage\",\"@id\":\"https:\\\/\\\/scdeec.tecnico.ulisboa.pt\\\/mepp\\\/index.php\\\/redes-e-sistemas-de-comunicacao\\\/\",\"url\":\"https:\\\/\\\/scdeec.tecnico.ulisboa.pt\\\/mepp\\\/index.php\\\/redes-e-sistemas-de-comunicacao\\\/\",\"name\":\"Redes e Sistemas de Comunica\u00e7\u00e3o\",\"isPartOf\":{\"@id\":\"https:\\\/\\\/scdeec.tecnico.ulisboa.pt\\\/mepp\\\/#website\"},\"datePublished\":\"2021-02-22T22:33:34+00:00\",\"dateModified\":\"2021-03-14T13:19:03+00:00\",\"breadcrumb\":{\"@id\":\"https:\\\/\\\/scdeec.tecnico.ulisboa.pt\\\/mepp\\\/index.php\\\/redes-e-sistemas-de-comunicacao\\\/#breadcrumb\"},\"inLanguage\":\"en-US\",\"potentialAction\":[{\"@type\":\"ReadAction\",\"target\":[\"https:\\\/\\\/scdeec.tecnico.ulisboa.pt\\\/mepp\\\/index.php\\\/redes-e-sistemas-de-comunicacao\\\/\"]}]},{\"@type\":\"BreadcrumbList\",\"@id\":\"https:\\\/\\\/scdeec.tecnico.ulisboa.pt\\\/mepp\\\/index.php\\\/redes-e-sistemas-de-comunicacao\\\/#breadcrumb\",\"itemListElement\":[{\"@type\":\"ListItem\",\"position\":1,\"name\":\"Home\",\"item\":\"https:\\\/\\\/scdeec.tecnico.ulisboa.pt\\\/mepp\\\/\"},{\"@type\":\"ListItem\",\"position\":2,\"name\":\"Redes e Sistemas de Comunica\u00e7\u00e3o\"}]},{\"@type\":\"WebSite\",\"@id\":\"https:\\\/\\\/scdeec.tecnico.ulisboa.pt\\\/mepp\\\/#website\",\"url\":\"https:\\\/\\\/scdeec.tecnico.ulisboa.pt\\\/mepp\\\/\",\"name\":\"Engenharia Electrot\u00e9cnica e de Computadores\u00a0no MEPP 21-22\",\"description\":\"\",\"publisher\":{\"@id\":\"https:\\\/\\\/scdeec.tecnico.ulisboa.pt\\\/mepp\\\/#organization\"},\"inLanguage\":\"en-US\"},{\"@type\":\"Organization\",\"@id\":\"https:\\\/\\\/scdeec.tecnico.ulisboa.pt\\\/mepp\\\/#organization\",\"name\":\"Engenharia Electrot\u00e9cnica e de Computadores\u00a0no MEPP 21-22\",\"url\":\"https:\\\/\\\/scdeec.tecnico.ulisboa.pt\\\/mepp\\\/\",\"logo\":{\"@type\":\"ImageObject\",\"inLanguage\":\"en-US\",\"@id\":\"https:\\\/\\\/scdeec.tecnico.ulisboa.pt\\\/mepp\\\/#\\\/schema\\\/logo\\\/image\\\/\",\"url\":\"https:\\\/\\\/scdeec.tecnico.ulisboa.pt\\\/mepp\\\/wp-content\\\/uploads\\\/2021\\\/02\\\/cropped-DEEC_RGB-2.png\",\"contentUrl\":\"https:\\\/\\\/scdeec.tecnico.ulisboa.pt\\\/mepp\\\/wp-content\\\/uploads\\\/2021\\\/02\\\/cropped-DEEC_RGB-2.png\",\"width\":1583,\"height\":490,\"caption\":\"Engenharia Electrot\u00e9cnica e de Computadores\u00a0no MEPP 21-22\"},\"image\":{\"@id\":\"https:\\\/\\\/scdeec.tecnico.ulisboa.pt\\\/mepp\\\/#\\\/schema\\\/logo\\\/image\\\/\"}}]}<\/script>\n<!-- \/ Yoast SEO plugin. -->","yoast_head_json":{"title":"Redes e Sistemas de Comunica\u00e7\u00e3o","robots":{"index":"index","follow":"follow","max-snippet":"max-snippet:-1","max-image-preview":"max-image-preview:large","max-video-preview":"max-video-preview:-1"},"canonical":"https:\/\/scdeec.tecnico.ulisboa.pt\/mepp\/index.php\/redes-e-sistemas-de-comunicacao\/","og_locale":"en_US","og_type":"article","og_title":"Redes e Sistemas de Comunica\u00e7\u00e3o","og_url":"https:\/\/scdeec.tecnico.ulisboa.pt\/mepp\/index.php\/redes-e-sistemas-de-comunicacao\/","og_site_name":"Engenharia Electrot\u00e9cnica e de Computadores\u00a0no MEPP 21-22","article_modified_time":"2021-03-14T13:19:03+00:00","twitter_card":"summary_large_image","twitter_misc":{"Est. reading time":"1 minute"},"schema":{"@context":"https:\/\/schema.org","@graph":[{"@type":"WebPage","@id":"https:\/\/scdeec.tecnico.ulisboa.pt\/mepp\/index.php\/redes-e-sistemas-de-comunicacao\/","url":"https:\/\/scdeec.tecnico.ulisboa.pt\/mepp\/index.php\/redes-e-sistemas-de-comunicacao\/","name":"Redes e Sistemas de Comunica\u00e7\u00e3o","isPartOf":{"@id":"https:\/\/scdeec.tecnico.ulisboa.pt\/mepp\/#website"},"datePublished":"2021-02-22T22:33:34+00:00","dateModified":"2021-03-14T13:19:03+00:00","breadcrumb":{"@id":"https:\/\/scdeec.tecnico.ulisboa.pt\/mepp\/index.php\/redes-e-sistemas-de-comunicacao\/#breadcrumb"},"inLanguage":"en-US","potentialAction":[{"@type":"ReadAction","target":["https:\/\/scdeec.tecnico.ulisboa.pt\/mepp\/index.php\/redes-e-sistemas-de-comunicacao\/"]}]},{"@type":"BreadcrumbList","@id":"https:\/\/scdeec.tecnico.ulisboa.pt\/mepp\/index.php\/redes-e-sistemas-de-comunicacao\/#breadcrumb","itemListElement":[{"@type":"ListItem","position":1,"name":"Home","item":"https:\/\/scdeec.tecnico.ulisboa.pt\/mepp\/"},{"@type":"ListItem","position":2,"name":"Redes e Sistemas de Comunica\u00e7\u00e3o"}]},{"@type":"WebSite","@id":"https:\/\/scdeec.tecnico.ulisboa.pt\/mepp\/#website","url":"https:\/\/scdeec.tecnico.ulisboa.pt\/mepp\/","name":"Engenharia Electrot\u00e9cnica e de Computadores\u00a0no MEPP 21-22","description":"","publisher":{"@id":"https:\/\/scdeec.tecnico.ulisboa.pt\/mepp\/#organization"},"inLanguage":"en-US"},{"@type":"Organization","@id":"https:\/\/scdeec.tecnico.ulisboa.pt\/mepp\/#organization","name":"Engenharia Electrot\u00e9cnica e de Computadores\u00a0no MEPP 21-22","url":"https:\/\/scdeec.tecnico.ulisboa.pt\/mepp\/","logo":{"@type":"ImageObject","inLanguage":"en-US","@id":"https:\/\/scdeec.tecnico.ulisboa.pt\/mepp\/#\/schema\/logo\/image\/","url":"https:\/\/scdeec.tecnico.ulisboa.pt\/mepp\/wp-content\/uploads\/2021\/02\/cropped-DEEC_RGB-2.png","contentUrl":"https:\/\/scdeec.tecnico.ulisboa.pt\/mepp\/wp-content\/uploads\/2021\/02\/cropped-DEEC_RGB-2.png","width":1583,"height":490,"caption":"Engenharia Electrot\u00e9cnica e de Computadores\u00a0no MEPP 21-22"},"image":{"@id":"https:\/\/scdeec.tecnico.ulisboa.pt\/mepp\/#\/schema\/logo\/image\/"}}]}},"_links":{"self":[{"href":"https:\/\/scdeec.tecnico.ulisboa.pt\/mepp\/index.php\/wp-json\/wp\/v2\/pages\/127","targetHints":{"allow":["GET"]}}],"collection":[{"href":"https:\/\/scdeec.tecnico.ulisboa.pt\/mepp\/index.php\/wp-json\/wp\/v2\/pages"}],"about":[{"href":"https:\/\/scdeec.tecnico.ulisboa.pt\/mepp\/index.php\/wp-json\/wp\/v2\/types\/page"}],"author":[{"embeddable":true,"href":"https:\/\/scdeec.tecnico.ulisboa.pt\/mepp\/index.php\/wp-json\/wp\/v2\/users\/1"}],"replies":[{"embeddable":true,"href":"https:\/\/scdeec.tecnico.ulisboa.pt\/mepp\/index.php\/wp-json\/wp\/v2\/comments?post=127"}],"version-history":[{"count":9,"href":"https:\/\/scdeec.tecnico.ulisboa.pt\/mepp\/index.php\/wp-json\/wp\/v2\/pages\/127\/revisions"}],"predecessor-version":[{"id":1282,"href":"https:\/\/scdeec.tecnico.ulisboa.pt\/mepp\/index.php\/wp-json\/wp\/v2\/pages\/127\/revisions\/1282"}],"wp:attachment":[{"href":"https:\/\/scdeec.tecnico.ulisboa.pt\/mepp\/index.php\/wp-json\/wp\/v2\/media?parent=127"}],"curies":[{"name":"wp","href":"https:\/\/api.w.org\/{rel}","templated":true}]}}